{"id":773,"date":"2025-04-08T09:14:44","date_gmt":"2025-04-08T07:14:44","guid":{"rendered":"http:\/\/www.mil-unterfranken.de\/ambulant-unterstuetzes-wohnen\/"},"modified":"2025-07-03T13:37:47","modified_gmt":"2025-07-03T11:37:47","slug":"ambulant-unterstuetzes-wohnen","status":"publish","type":"page","link":"https:\/\/www.mil-unterfranken.de\/bfde\/ambulant-unterstuetzes-wohnen\/","title":{"rendered":"Ambulant Unterst\u00fctzes Wohnen"},"content":{"rendered":"<p>[et_pb_section fb_built=&#8220;1&#8243; fullwidth=&#8220;on&#8220; _builder_version=&#8220;4.27.4&#8243; _module_preset=&#8220;default&#8220; background_enable_color=&#8220;off&#8220; use_background_color_gradient=&#8220;on&#8220; background_color_gradient_stops=&#8220;#ffffff 28%|#cccccc 97%&#8220; custom_margin=&#8220;0px||0px||false|false&#8220; custom_padding=&#8220;0px||0px||false|false&#8220; sticky_position=&#8220;top&#8220; global_colors_info=&#8220;{}&#8220;][et_pb_fullwidth_menu menu_id=&#8220;5&#8243; show_cart_icon=&#8220;off&#8220; show_search_icon=&#8220;off&#8220; _builder_version=&#8220;4.27.4&#8243; _module_preset=&#8220;default&#8220; background_enable_color=&#8220;off&#8220; custom_margin=&#8220;||||false|false&#8220; custom_padding=&#8220;||||false|false&#8220; global_colors_info=&#8220;{%22gcid-heading-color%22:%91%22menu_text_color%22%93,%22gcid-secondary-color%22:%91%22cart_icon_color%22,%22search_icon_color%22,%22menu_icon_color%22%93}&#8220; menu_text_color__hover=&#8220;#FFFFFF&#8220;][\/et_pb_fullwidth_menu][\/et_pb_section][et_pb_section fb_built=&#8220;1&#8243; admin_label=&#8220;Services&#8220; _builder_version=&#8220;4.17.3&#8243; _module_preset=&#8220;default&#8220; collapsed=&#8220;off&#8220; global_colors_info=&#8220;{}&#8220;][et_pb_row _builder_version=&#8220;4.27.4&#8243; _module_preset=&#8220;default&#8220; global_colors_info=&#8220;{}&#8220;][et_pb_column type=&#8220;4_4&#8243; _builder_version=&#8220;4.27.4&#8243; _module_preset=&#8220;default&#8220; global_colors_info=&#8220;{}&#8220;][et_pb_heading title=&#8220;Ambulant Unterst\u00fctztes Wohnen im Rahmen des Pers\u00f6nlichen Budget&#8220; _builder_version=&#8220;4.27.4&#8243; _module_preset=&#8220;default&#8220; title_font_size=&#8220;2em&#8220; global_colors_info=&#8220;{}&#8220;][\/et_pb_heading][\/et_pb_column][\/et_pb_row][et_pb_row column_structure=&#8220;3_5,2_5&#8243; _builder_version=&#8220;4.27.4&#8243; _module_preset=&#8220;default&#8220; global_colors_info=&#8220;{}&#8220;][et_pb_column type=&#8220;3_5&#8243; _builder_version=&#8220;4.27.4&#8243; _module_preset=&#8220;default&#8220; global_colors_info=&#8220;{}&#8220;][et_pb_text _builder_version=&#8220;4.27.4&#8243; _module_preset=&#8220;default&#8220; global_colors_info=&#8220;{}&#8220;]<\/p>\n<p>Ambulant unterst\u00fctztes Wohnen<\/p>\n<p>Die Abk\u00fcrzung ist: A\u00b7u\u00b7W.\u00a0<\/p>\n<p>&nbsp;<\/p>\n<p>[\/et_pb_text][\/et_pb_column][et_pb_column type=&#8220;2_5&#8243; _builder_version=&#8220;4.27.4&#8243; _module_preset=&#8220;default&#8220; global_colors_info=&#8220;{}&#8220;][et_pb_image src=&#8220;http:\/\/www.mil-unterfranken.de\/wp-content\/uploads\/2025\/04\/Pruefsiegel-LS.jpeg&#8220; alt=&#8220;Das ist das Pr\u00fcfsiegel von MiL f\u00fcr Leichte Sprache. Es besteht aus einem Kreis. In der Mitte des Kreises ist das Logo. Rund um den Kreis steht der Text \u201eExperten in Leichter Sprache\u201c. Unten im Siegel ist in einem rechteckigen Feld das Wort \u201eGepr\u00fcft\u201c geschrieben. Dahinter ist ein H\u00e4kchen. Die Schrift ist rot.&#8220; title_text=&#8220;Pr\u00fcfsiegel von MiL f\u00fcr verst\u00e4ndliche Texte&#8220; _builder_version=&#8220;4.27.4&#8243; _module_preset=&#8220;default&#8220; width=&#8220;55%&#8220; max_width=&#8220;55%&#8220; box_shadow_style=&#8220;preset1&#8243; global_colors_info=&#8220;{}&#8220;][\/et_pb_image][\/et_pb_column][\/et_pb_row][et_pb_row column_structure=&#8220;3_5,2_5&#8243; _builder_version=&#8220;4.27.4&#8243; _module_preset=&#8220;default&#8220; global_colors_info=&#8220;{}&#8220;][et_pb_column type=&#8220;3_5&#8243; _builder_version=&#8220;4.27.4&#8243; _module_preset=&#8220;default&#8220; global_colors_info=&#8220;{}&#8220;][et_pb_text _builder_version=&#8220;4.27.4&#8243; _module_preset=&#8220;default&#8220; global_colors_info=&#8220;{}&#8220;]<\/p>\n<p>Im Ambulant unterst\u00fctztes Wohnen helfen Assistenzen Ihnen:<\/p>\n<p>Den Alltag oder die Freizeit zu planen.<\/p>\n<p>Bei Besuchen beim Amt oder beim Arzt.<\/p>\n<p>Und beim Briefe lesen.<\/p>\n<p>Freunde kennenzulernen.<\/p>\n<p>Bei Planungen in der Nachbarschaft.<\/p>\n<p>Bei Problemen.<\/p>\n<p>In Momenten, in denen es Ihnen nicht gut geht.<\/p>\n<p>Bei allen Infos zur Gesundheit.<\/p>\n<p>Bei der Planung im Haushalt.<\/p>\n<p>Zum Beispiel:<\/p>\n<p>Beim Einkaufen.<\/p>\n<p>Beim Kochen.<\/p>\n<p>Beim W\u00e4sche\u00b7Waschen.<\/p>\n<p>[\/et_pb_text][\/et_pb_column][et_pb_column type=&#8220;2_5&#8243; _builder_version=&#8220;4.27.4&#8243; _module_preset=&#8220;default&#8220; global_colors_info=&#8220;{}&#8220;][et_pb_image src=&#8220;http:\/\/www.mil-unterfranken.de\/wp-content\/uploads\/2025\/05\/iStock-641959778-scaled.jpg&#8220; alt=&#8220;Das Bild zeigt eine Szene, die symbolisiert, dass Menschen zu Arztterminen begleitet werden, zum Beispiel im Rahmen des Ambulant Betreuten Wohnens. In der Szene sitzen drei Personen an einem Tisch in einem hellen Raum. Zwei Frauen sitzen mit dem R\u00fccken zur Kamera. Eine der Frauen h\u00e4lt einen Stift in der Hand und macht wahrscheinlich Notizen. Gegen\u00fcber sitzt ein Arzt. Der Arzt hat dunkle Haut und tr\u00e4gt ein dunkelblaues Hemd, eine rote Krawatte mit wei\u00dfen Punkten und ein Stethoskop um den Hals. Auf dem Tisch liegen Papiere, die die Personen zusammen anschauen.&#8220; title_text=&#8220;Begleitung zu Arztterminen&#8220; _builder_version=&#8220;4.27.4&#8243; _module_preset=&#8220;default&#8220; width=&#8220;54%&#8220; max_width=&#8220;55%&#8220; global_colors_info=&#8220;{}&#8220;][\/et_pb_image][et_pb_image src=&#8220;http:\/\/www.mil-unterfranken.de\/wp-content\/uploads\/2025\/05\/iStock-1354862513-scaled.jpg&#8220; alt=&#8220;Ein Mann steht in einem hellen Raum an einem ge\u00f6ffneten Fenster und blickt nach drau\u00dfen. Er tr\u00e4gt ein wei\u00dfes T-Shirt und st\u00fctzt den Kopf nachdenklich auf eine Hand. Im Hintergrund ist eine gr\u00fcne Zimmerpflanze zu sehen, drau\u00dfen erkennt man eine Stra\u00dfe mit vorbeifahrendem Auto und unscharfer Landschaft. Die Szene beschreibt einen einsamen depressiven Mann am Fenster, der sich hoffnungslos f\u00fchlt. Das Bild steht symbolisch f\u00fcr Menschen mit psychischer Erkrankung.&#8220; title_text=&#8220;Einsam und depressiv&#8220; _builder_version=&#8220;4.27.4&#8243; _module_preset=&#8220;default&#8220; width=&#8220;55%&#8220; max_width=&#8220;57%&#8220; global_colors_info=&#8220;{}&#8220;][\/et_pb_image][et_pb_image src=&#8220;http:\/\/www.mil-unterfranken.de\/wp-content\/uploads\/2025\/04\/230426_MiL_Kueche_ABW_037_dampf_web.jpg&#8220; alt=&#8220;Zwei Personen stehen in einer K\u00fcche an der Arbeitsplatte. Eine Person gibt mit einer Pastazange dampfende Spaghetti aus einem Topf auf einen Teller, den die andere Person h\u00e4lt. Im Hintergrund steht ein Topf mit frischen Kr\u00e4utern.&#8220; title_text=&#8220;Gemeinsames Kochen&#8220; _builder_version=&#8220;4.27.4&#8243; _module_preset=&#8220;default&#8220; width=&#8220;55%&#8220; max_width=&#8220;55%&#8220; global_colors_info=&#8220;{}&#8220;][\/et_pb_image][\/et_pb_column][\/et_pb_row][et_pb_row column_structure=&#8220;3_5,2_5&#8243; _builder_version=&#8220;4.27.4&#8243; _module_preset=&#8220;default&#8220; global_colors_info=&#8220;{}&#8220;][et_pb_column type=&#8220;3_5&#8243; _builder_version=&#8220;4.27.4&#8243; _module_preset=&#8220;default&#8220; global_colors_info=&#8220;{}&#8220;][et_pb_text _builder_version=&#8220;4.27.4&#8243; _module_preset=&#8220;default&#8220; global_colors_info=&#8220;{}&#8220;]<\/p>\n<p>Alle Menschen sollen selbst \u00fcber ihr Leben bestimmen.<\/p>\n<p>Auch wenn sie Hilfe und Unterst\u00fctzung brauchen.<\/p>\n<p>Daf\u00fcr gibt es ein Gesetz.<\/p>\n<p>[\/et_pb_text][\/et_pb_column][et_pb_column type=&#8220;2_5&#8243; _builder_version=&#8220;4.27.4&#8243; _module_preset=&#8220;default&#8220; global_colors_info=&#8220;{}&#8220;][et_pb_image src=&#8220;http:\/\/www.mil-unterfranken.de\/wp-content\/uploads\/2025\/05\/iStock-2160077660-scaled.jpg&#8220; alt=&#8220;Das Bild zeigt eine junge Frau mit schulterlangem, blondem Haar. Sie tr\u00e4gt ein wei\u00dfes T-Shirt und eine blaue Jeans. Im Hintergrund ist eine einfarbige, rosa Wand. Die Frau steht in einer lebendigen, tanz\u00e4hnlichen Haltung. Sie hat die Arme ausgestreckt und zeigt mit den Zeigefingern in verschiedene Richtungen. Die Szene soll zeigen, dass die Frau selbst entscheiden kann und ihre eigene St\u00e4rke hat.&#8220; title_text=&#8220;Selbstbestimmt leben&#8220; _builder_version=&#8220;4.27.4&#8243; _module_preset=&#8220;default&#8220; width=&#8220;55%&#8220; max_width=&#8220;55%&#8220; global_colors_info=&#8220;{}&#8220;][\/et_pb_image][\/et_pb_column][\/et_pb_row][et_pb_row column_structure=&#8220;3_5,2_5&#8243; _builder_version=&#8220;4.27.4&#8243; _module_preset=&#8220;default&#8220; global_colors_info=&#8220;{}&#8220;][et_pb_column type=&#8220;3_5&#8243; _builder_version=&#8220;4.27.4&#8243; _module_preset=&#8220;default&#8220; global_colors_info=&#8220;{}&#8220;][et_pb_text _builder_version=&#8220;4.27.4&#8243; _module_preset=&#8220;default&#8220; global_colors_info=&#8220;{}&#8220;]<\/p>\n<p>Menschen mit Behinderung<\/p>\n<p>haben das Recht auf Pers\u00f6nliches Geld.<\/p>\n<p>In schwerer Sprache hei\u00dft es: Pers\u00f6nliches Budget.<\/p>\n<p>So spricht man das: b\u00fc djee.<\/p>\n<p>[\/et_pb_text][\/et_pb_column][et_pb_column type=&#8220;2_5&#8243; _builder_version=&#8220;4.27.4&#8243; _module_preset=&#8220;default&#8220; global_colors_info=&#8220;{}&#8220;][et_pb_image src=&#8220;http:\/\/www.mil-unterfranken.de\/wp-content\/uploads\/2025\/04\/Geld-quer-scaled.jpg&#8220; alt=&#8220;Das Bild zeigt f\u00fcnf Geldscheine. Sie liegen auf einem neutralen Hintergrund. Es sind ein F\u00fcnfzig-Euro-Schein, ein Zwanzig-Euro-Schein und ein Zehn-Euro-Schein. Im Vordergrund liegen zwei F\u00fcnf-Euro-Scheine.&#8220; title_text=&#8220;Geldscheine&#8220; _builder_version=&#8220;4.27.4&#8243; _module_preset=&#8220;default&#8220; width=&#8220;55%&#8220; global_colors_info=&#8220;{}&#8220;][\/et_pb_image][\/et_pb_column][\/et_pb_row][et_pb_row column_structure=&#8220;3_5,2_5&#8243; _builder_version=&#8220;4.27.4&#8243; _module_preset=&#8220;default&#8220; global_colors_info=&#8220;{}&#8220;][et_pb_column type=&#8220;3_5&#8243; _builder_version=&#8220;4.27.4&#8243; _module_preset=&#8220;default&#8220; global_colors_info=&#8220;{}&#8220;][et_pb_text _builder_version=&#8220;4.27.4&#8243; _module_preset=&#8220;default&#8220; global_colors_info=&#8220;{}&#8220;]<\/p>\n<p>Das Recht auf Pers\u00f6nliches Geld ist auf\u00b7geschrieben<\/p>\n<p>Es steht im Sozial\u00b7Gesetz\u00b7Buch 9.<\/p>\n<p>Dort steht zum Beispiel:<\/p>\n<p>Menschen mit Behinderungen k\u00f6nnen Leistungen zur Teil\u00b7habe bekommen.<\/p>\n<p>Zum Beispiel: Das Pers\u00f6nliche Geld.<\/p>\n<p>[\/et_pb_text][\/et_pb_column][et_pb_column type=&#8220;2_5&#8243; _builder_version=&#8220;4.27.4&#8243; _module_preset=&#8220;default&#8220; global_colors_info=&#8220;{}&#8220;][et_pb_image src=&#8220;http:\/\/www.mil-unterfranken.de\/wp-content\/uploads\/2025\/04\/Gesetz-scaled.jpg&#8220; alt=&#8220;Das Bild zeigt einen Zeigefinder, der auf das Sozialgesetzbuch Neun zeigt.&#8220; title_text=&#8220;Das Sozialgesetzbuch Neun&#8220; _builder_version=&#8220;4.27.4&#8243; _module_preset=&#8220;default&#8220; width=&#8220;55%&#8220; global_colors_info=&#8220;{}&#8220;][\/et_pb_image][\/et_pb_column][\/et_pb_row][et_pb_row column_structure=&#8220;3_5,2_5&#8243; _builder_version=&#8220;4.27.4&#8243; _module_preset=&#8220;default&#8220; global_colors_info=&#8220;{}&#8220;][et_pb_column type=&#8220;3_5&#8243; _builder_version=&#8220;4.27.4&#8243; _module_preset=&#8220;default&#8220; global_colors_info=&#8220;{}&#8220;][et_pb_text _builder_version=&#8220;4.27.4&#8243; _module_preset=&#8220;default&#8220; global_colors_info=&#8220;{}&#8220;]<\/p>\n<p>Mit dem pers\u00f6nlichen Geld<\/p>\n<p>k\u00f6nnen Sie sich Ihre Assistenzen selbst aussuchen.<\/p>\n<p>Und Sie m\u00fcssen die Hilfen vom Pers\u00f6nlichen Geld bezahlen.<\/p>\n<p>Zum Beispiel:<\/p>\n<p>Hilfe im Haushalt,<\/p>\n<p>Begleitung beim Einkaufen,<\/p>\n<p>Begleitung in der Freizeit,<\/p>\n<p>oder Assistenz bei der Arbeit.<\/p>\n<p>[\/et_pb_text][\/et_pb_column][et_pb_column type=&#8220;2_5&#8243; _builder_version=&#8220;4.27.4&#8243; _module_preset=&#8220;default&#8220; global_colors_info=&#8220;{}&#8220;][et_pb_image _builder_version=&#8220;4.27.4&#8243; _module_preset=&#8220;default&#8220; global_colors_info=&#8220;{}&#8220;][\/et_pb_image][\/et_pb_column][\/et_pb_row][et_pb_row column_structure=&#8220;3_5,2_5&#8243; _builder_version=&#8220;4.27.4&#8243; _module_preset=&#8220;default&#8220; global_colors_info=&#8220;{}&#8220;][et_pb_column type=&#8220;3_5&#8243; _builder_version=&#8220;4.27.4&#8243; _module_preset=&#8220;default&#8220; global_colors_info=&#8220;{}&#8220;][et_pb_text _builder_version=&#8220;4.27.4&#8243; _module_preset=&#8220;default&#8220; global_colors_info=&#8220;{}&#8220;]<\/p>\n<p>Wenn Sie das Pers\u00f6nliche Geld bekommen.<\/p>\n<p>Und wenn Sie damit Ihre Assistenzen bezahlen.<\/p>\n<p>Dann sind Sie Arbeit\u00b7Geber.<\/p>\n<p>Das bedeutet: Sie sind der Chef.<\/p>\n<p>&nbsp;<\/p>\n<p>Sie sagen den Assistenzen welche Aufgaben sie haben.<\/p>\n<p>Wobei Sie Hilfe brauchen.<\/p>\n<p>Und Sie m\u00fcssen den Assistenzen Lohn bezahlen.<\/p>\n<p>[\/et_pb_text][\/et_pb_column][et_pb_column type=&#8220;2_5&#8243; _builder_version=&#8220;4.27.4&#8243; _module_preset=&#8220;default&#8220; global_colors_info=&#8220;{}&#8220;][et_pb_image src=&#8220;http:\/\/www.mil-unterfranken.de\/wp-content\/uploads\/2025\/05\/iStock-1149279093-scaled.jpg&#8220; alt=&#8220;Ein junger Mann sitzt auf einem braunen Ledersofa. Er hat die Beine \u00fcbereinander gekreuzt. Er tr\u00e4gt ein kurz\u00e4rmeliges, gestreiftes T-Shirt und eine blaue Jeans. Er h\u00e4lt ein Smartphone mit beiden H\u00e4nden und schaut darauf. Im Hintergrund sind gro\u00dfe Kissen, Pflanzen und ein helles Fenster zu sehen. Die Szene wirkt freundlich. Das Bild symbolisiert, dass der junge Mann selbst die Entscheidung trifft, wie er Unterst\u00fctzung und Hilfen bekommt, und damit die Kontrolle \u00fcber sein Leben hat.&#8220; title_text=&#8220;Entscheidungen selbst treffen&#8220; _builder_version=&#8220;4.27.4&#8243; _module_preset=&#8220;default&#8220; width=&#8220;55%&#8220; max_width=&#8220;55%&#8220; global_colors_info=&#8220;{}&#8220;][\/et_pb_image][et_pb_image src=&#8220;http:\/\/www.mil-unterfranken.de\/wp-content\/uploads\/2025\/05\/iStock-1729654598-scaled.jpg&#8220; _builder_version=&#8220;4.27.4&#8243; _module_preset=&#8220;default&#8220; width=&#8220;55%&#8220; max_width=&#8220;55%&#8220; global_colors_info=&#8220;{}&#8220; hover_enabled=&#8220;0&#8243; sticky_enabled=&#8220;0&#8243;][\/et_pb_image][\/et_pb_column][\/et_pb_row][et_pb_row column_structure=&#8220;3_5,2_5&#8243; _builder_version=&#8220;4.27.4&#8243; _module_preset=&#8220;default&#8220; global_colors_info=&#8220;{}&#8220;][et_pb_column type=&#8220;3_5&#8243; _builder_version=&#8220;4.27.4&#8243; _module_preset=&#8220;default&#8220; global_colors_info=&#8220;{}&#8220;][et_pb_text _builder_version=&#8220;4.27.4&#8243; _module_preset=&#8220;default&#8220; global_colors_info=&#8220;{}&#8220;]<\/p>\n<p>Das ist oft sehr viel Arbeit.<\/p>\n<p>Wenn Sie die Arbeit nicht machen wollen.<\/p>\n<p>Oder wenn Sie die Arbeit nicht machen k\u00f6nnen.<\/p>\n<p>Dann kann Ihnen ein Hilfs\u00b7Dienst helfen.<\/p>\n<p>MiL-Mitten im Leben ist ein Hilfs\u00b7Dienst.<\/p>\n<p>MiL kann Ihnen helfen.<\/p>\n<p>Zum Beispiel: Mit Ambulant unterst\u00fctztem Wohnen.<\/p>\n<p>Er hilft Ihnen bei der Suche nach Assistenzen.<\/p>\n<p>[\/et_pb_text][\/et_pb_column][et_pb_column type=&#8220;2_5&#8243; _builder_version=&#8220;4.27.4&#8243; _module_preset=&#8220;default&#8220; global_colors_info=&#8220;{}&#8220;][et_pb_image src=&#8220;http:\/\/www.mil-unterfranken.de\/wp-content\/uploads\/2025\/05\/400dpi_Logo-1.jpg&#8220; alt=&#8220;Das ist das Logo von MiL \u2013 Mitten im Leben. Das Logo besteht aus einem Bild und dem Namen. Es ist in blau und rot gehalten. Das Bild zeigt zwei Menschen, die sich gegen\u00fcberstehen und sich die Hand entgegenstrecken. Darunter sind zwei Formen, die sich \u00fcberlappen. Das soll zeigen, dass man eine Br\u00fccke baut, also miteinander verbindet.&#8220; title_text=&#8220;MiL-Logo&#8220; _builder_version=&#8220;4.27.4&#8243; _module_preset=&#8220;default&#8220; width=&#8220;55%&#8220; global_colors_info=&#8220;{}&#8220;][\/et_pb_image][\/et_pb_column][\/et_pb_row][et_pb_row column_structure=&#8220;3_5,2_5&#8243; _builder_version=&#8220;4.27.4&#8243; _module_preset=&#8220;default&#8220; global_colors_info=&#8220;{}&#8220;][et_pb_column type=&#8220;3_5&#8243; _builder_version=&#8220;4.27.4&#8243; _module_preset=&#8220;default&#8220; global_colors_info=&#8220;{}&#8220;][et_pb_text _builder_version=&#8220;4.27.4&#8243; _module_preset=&#8220;default&#8220; global_colors_info=&#8220;{}&#8220;]<\/p>\n<p>In diesem Fall gibt es eine Kooperations\u00b7Vereinbarung.<\/p>\n<p>Ein anderes Wort f\u00fcr Kooperation ist Zusammen\u00b7halt.<\/p>\n<p>Die Kooperations\u00b7Vereinbarung ist wie ein Vertrag.<\/p>\n<p>Die Kooperations\u00b7Vereinbarung ist zwischen Ihnen und MiL.<\/p>\n<p>Darin steht:<\/p>\n<p>Welche Aufgaben MiL hat.<\/p>\n<p>Wobei Sie Hilfe brauchen.<\/p>\n<p>Und dass MiL daf\u00fcr Geld bekommt.<\/p>\n<p>Die Arbeit von MiL m\u00fcssen Sie vom Pers\u00f6nlichen Geld bezahlen.<\/p>\n<p>[\/et_pb_text][\/et_pb_column][et_pb_column type=&#8220;2_5&#8243; _builder_version=&#8220;4.27.4&#8243; _module_preset=&#8220;default&#8220; global_colors_info=&#8220;{}&#8220;][et_pb_image src=&#8220;http:\/\/www.mil-unterfranken.de\/wp-content\/uploads\/2025\/04\/Vertrag-scaled.jpg&#8220; alt=&#8220;Das Bild zeigt einen Stift und ein Blatt Papier mit dem Wort \u201eVertrag\u201c. Es soll zeigen, dass die Leistungen, die erbracht werden, in einem Vertrag festgehalten werden. So ist alles klar und geregelt.&#8220; title_text=&#8220;Vertag&#8220; _builder_version=&#8220;4.27.4&#8243; _module_preset=&#8220;default&#8220; width=&#8220;55%&#8220; global_colors_info=&#8220;{}&#8220;][\/et_pb_image][\/et_pb_column][\/et_pb_row][et_pb_row column_structure=&#8220;3_5,2_5&#8243; _builder_version=&#8220;4.27.4&#8243; _module_preset=&#8220;default&#8220; global_colors_info=&#8220;{}&#8220;][et_pb_column type=&#8220;3_5&#8243; _builder_version=&#8220;4.27.4&#8243; _module_preset=&#8220;default&#8220; global_colors_info=&#8220;{}&#8220;][et_pb_text _builder_version=&#8220;4.27.4&#8243; _module_preset=&#8220;default&#8220; global_colors_info=&#8220;{}&#8220;]<\/p>\n<p>Das ist ein Foto von Yvonne Schnellbacher.<\/p>\n<p>Yvonne Schnellbacher ist die Ansprechpartnerin<\/p>\n<p>f\u00fcr das Ambulant unterst\u00fctzte Wohnen im Rahmen des Pers\u00f6nlichen Budget.<\/p>\n<p>Wenn Sie Fragen haben<\/p>\n<p>\u00a0\u00a0\u00a0 rufen Sie uns an<\/p>\n<p>\u00a0\u00a0\u00a0 schreiben Sie uns eine E-Mail.<\/p>\n<p>Die Telefon-Nummer von Yvonne Schnellbacher ist:<\/p>\n<p>09372 \u2013 1352602<\/p>\n<p>Die Mail-Adresse ist: <a href=\"mailto:info@mil-unterfranken.de\">info@mil-unterfranken.de<\/a><\/p>\n<p>[\/et_pb_text][\/et_pb_column][et_pb_column type=&#8220;2_5&#8243; _builder_version=&#8220;4.27.4&#8243; _module_preset=&#8220;default&#8220; global_colors_info=&#8220;{}&#8220;][et_pb_image src=&#8220;http:\/\/www.mil-unterfranken.de\/wp-content\/uploads\/2025\/03\/YS.jpg&#8220; alt=&#8220;Das Bild zeigt die Gesch\u00e4ftsf\u00fchrerin Yvonne Schnellbacher, die vor einem neutralen, hellen Hintergrund steht. Sie tr\u00e4gt ein dunkelgraues Sakko, darunter ist eine hellrosa Bluse mit einem V-Ausschnitt sichtbar. Yvonne Schnellbacher hat schulterlanges, blondes Haar. Der Hintergrund ist schlicht und in einem hellen Wei\u00dfton gehalten, wodurch der Fokus auf die Person gelenkt wird. Das Bild vermittelt einen freundlichen, professionellen und seri\u00f6sen Eindruck.&#8220; title_text=&#8220;Gesch\u00e4ftsf\u00fchrerin Yvonne Schnellbacher&#8220; _builder_version=&#8220;4.27.4&#8243; _module_preset=&#8220;default&#8220; width=&#8220;55%&#8220; global_colors_info=&#8220;{}&#8220;][\/et_pb_image][\/et_pb_column][\/et_pb_row][et_pb_row column_structure=&#8220;3_5,2_5&#8243; _builder_version=&#8220;4.27.4&#8243; _module_preset=&#8220;default&#8220; global_colors_info=&#8220;{}&#8220;][et_pb_column type=&#8220;3_5&#8243; _builder_version=&#8220;4.27.4&#8243; _module_preset=&#8220;default&#8220; global_colors_info=&#8220;{}&#8220;][et_pb_text _builder_version=&#8220;4.27.4&#8243; _module_preset=&#8220;default&#8220; global_colors_info=&#8220;{}&#8220;]<\/p>\n<p>\u00dcbersetzung: Yvonne Schnellbacher, MiL-Mitten im Leben<\/p>\n<p>Der Text wurde in einer internen Arbeitsgruppe \u201eLeichte Sprache\u201c unter Beteiligung von:<\/p>\n<p>Ursula Herkert<\/p>\n<p>Richard Weidner<\/p>\n<p>gepr\u00fcft und f\u00fcr verst\u00e4ndlich befunden.<\/p>\n<p>Bilder und Pr\u00fcfsiegel: MiL-Mitten im Leben \/ iStock.com<\/p>\n<p>[\/et_pb_text][\/et_pb_column][et_pb_column type=&#8220;2_5&#8243; _builder_version=&#8220;4.27.4&#8243; _module_preset=&#8220;default&#8220; global_colors_info=&#8220;{}&#8220;][et_pb_image src=&#8220;http:\/\/www.mil-unterfranken.de\/wp-content\/uploads\/2025\/04\/Experten_LS-scaled.jpg&#8220; alt=&#8220;Zwei Personen stehen in einem hellen Raum neben einem Flipchart. Auf dem Flipchart steht \u201eExpert:in f\u00fcr Leichte Sprache\u201c mit einer Sprechblase sowie einem gr\u00fcnen Daumen nach oben f\u00fcr \u201eleicht\u201c und einem roten Daumen nach unten f\u00fcr \u201eschwer\u201c. Beide Personen zeigen den Daumen nach oben.&#8220; title_text=&#8220;Interne Pr\u00fcfgruppe f\u00fcr verst\u00e4ndliche Texte&#8220; _builder_version=&#8220;4.27.4&#8243; _module_preset=&#8220;default&#8220; width=&#8220;55%&#8220; global_colors_info=&#8220;{}&#8220;][\/et_pb_image][\/et_pb_column][\/et_pb_row][\/et_pb_section][et_pb_section fb_built=&#8220;1&#8243; admin_label=&#8220;About&#8220; _builder_version=&#8220;4.27.4&#8243; _module_preset=&#8220;default&#8220; use_background_color_gradient=&#8220;on&#8220; background_color_gradient_direction=&#8220;90deg&#8220; background_color_gradient_stops=&#8220;#2b87da 0%|#999999 100%&#8220; background_color_gradient_overlays_image=&#8220;on&#8220; background_image=&#8220;http:\/\/www.mil-unterfranken.de\/wp-content\/uploads\/2025\/03\/banner1.jpg&#8220; background_blend=&#8220;hard-light&#8220; collapsed=&#8220;off&#8220; global_colors_info=&#8220;{}&#8220;][et_pb_row _builder_version=&#8220;4.27.4&#8243; _module_preset=&#8220;default&#8220; global_colors_info=&#8220;{}&#8220;][et_pb_column type=&#8220;4_4&#8243; _builder_version=&#8220;4.27.4&#8243; _module_preset=&#8220;default&#8220; global_colors_info=&#8220;{}&#8220;][et_pb_heading title=&#8220;MiL &#8211; Mitten im Leben&#8220; _builder_version=&#8220;4.27.4&#8243; _module_preset=&#8220;default&#8220; title_level=&#8220;h3&#8243; title_text_color=&#8220;#FFFFFF&#8220; global_colors_info=&#8220;{}&#8220;][\/et_pb_heading][et_pb_heading title=&#8220;Betreutes Wohnen&#8220; _builder_version=&#8220;4.27.4&#8243; _module_preset=&#8220;default&#8220; title_text_color=&#8220;#FFFFFF&#8220; title_font_size=&#8220;1.5em&#8220; global_colors_info=&#8220;{}&#8220;][\/et_pb_heading][et_pb_counters _builder_version=&#8220;4.27.4&#8243; _module_preset=&#8220;default&#8220; title_text_color=&#8220;#FFFFFF&#8220; percent_font_size=&#8220;0px&#8220; global_colors_info=&#8220;{%22gcid-primary-color%22:%91%22bar_bg_color%22,%22bar_bg_color%22%93}&#8220;][et_pb_counter percent=&#8220;100&#8243; _builder_version=&#8220;4.27.4&#8243; _module_preset=&#8220;default&#8220; global_colors_info=&#8220;{}&#8220; bar_background_color_default=&#8220;#004b8f&#8220; use_percentages=&#8220;on&#8220;]Ein Leben mit mehr Qualit\u00e4t[\/et_pb_counter][et_pb_counter percent=&#8220;100&#8243; _builder_version=&#8220;4.27.4&#8243; _module_preset=&#8220;default&#8220; global_colors_info=&#8220;{}&#8220; bar_background_color_default=&#8220;#004b8f&#8220; use_percentages=&#8220;on&#8220;]Lebensqualit\u00e4t schaffen, erhalten, steigern[\/et_pb_counter][\/et_pb_counters][\/et_pb_column][\/et_pb_row][\/et_pb_section]<\/p>\n","protected":false},"excerpt":{"rendered":"<p>Ambulant unterst\u00fctztes Wohnen Die Abk\u00fcrzung ist: A\u00b7u\u00b7W.\u00a0 &nbsp;Im Ambulant unterst\u00fctztes Wohnen helfen Assistenzen Ihnen: Den Alltag oder die Freizeit zu planen. Bei Besuchen beim Amt oder beim Arzt. Und beim Briefe lesen. Freunde kennenzulernen. Bei Planungen in der Nachbarschaft. Bei Problemen. In Momenten, in denen es Ihnen nicht gut geht. Bei allen Infos zur Gesundheit. [&hellip;]<\/p>\n","protected":false},"author":1,"featured_media":0,"parent":0,"menu_order":0,"comment_status":"closed","ping_status":"closed","template":"","meta":{"_et_pb_use_builder":"on","_et_pb_old_content":"","_et_gb_content_width":"","inline_featured_image":false,"footnotes":""},"class_list":["post-773","page","type-page","status-publish","hentry"],"_links":{"self":[{"href":"https:\/\/www.mil-unterfranken.de\/bfde\/wp-json\/wp\/v2\/pages\/773","targetHints":{"allow":["GET"]}}],"collection":[{"href":"https:\/\/www.mil-unterfranken.de\/bfde\/wp-json\/wp\/v2\/pages"}],"about":[{"href":"https:\/\/www.mil-unterfranken.de\/bfde\/wp-json\/wp\/v2\/types\/page"}],"author":[{"embeddable":true,"href":"https:\/\/www.mil-unterfranken.de\/bfde\/wp-json\/wp\/v2\/users\/1"}],"replies":[{"embeddable":true,"href":"https:\/\/www.mil-unterfranken.de\/bfde\/wp-json\/wp\/v2\/comments?post=773"}],"version-history":[{"count":41,"href":"https:\/\/www.mil-unterfranken.de\/bfde\/wp-json\/wp\/v2\/pages\/773\/revisions"}],"predecessor-version":[{"id":1665,"href":"https:\/\/www.mil-unterfranken.de\/bfde\/wp-json\/wp\/v2\/pages\/773\/revisions\/1665"}],"wp:attachment":[{"href":"https:\/\/www.mil-unterfranken.de\/bfde\/wp-json\/wp\/v2\/media?parent=773"}],"curies":[{"name":"wp","href":"https:\/\/api.w.org\/{rel}","templated":true}]}}